{"id":40,"date":"2018-02-06T14:50:56","date_gmt":"2018-02-06T11:50:56","guid":{"rendered":"http:\/\/buyudesign.com\/?page_id=40"},"modified":"2022-09-13T20:21:18","modified_gmt":"2022-09-13T17:21:18","slug":"hakkimizda","status":"publish","type":"page","link":"https:\/\/buyudesign.com\/en\/hakkimizda\/","title":{"rendered":"About Us"},"content":{"rendered":"<div id=\"row_hakkimizda\" data-vc-full-width=\"true\" data-vc-full-width-init=\"false\" data-vc-stretch-content=\"true\" class=\"vc_row wpb_row vc_row-fluid\"><div class=\"wpb_column vc_column_container vc_col-sm-12\"><div class=\"vc_column-inner\"><div class=\"wpb_wrapper\"><div class=\"vc_row wpb_row vc_inner vc_row-fluid vc_row-o-content-middle vc_row-flex\"><div class=\"wpb_column vc_column_container vc_col-sm-6\"><div class=\"vc_column-inner\"><div class=\"wpb_wrapper\">\n\t<div class=\"wpb_text_column wpb_content_element wpb_animate_when_almost_visible wpb_fadeInRight fadeInRight\" >\n\t\t<div class=\"wpb_wrapper\">\n\t\t\t<h1>ABOUT US<\/h1>\n<div class=\"page\" title=\"Sayfa 4\">\n<div class=\"layoutArea\">\n<div class=\"column\">\n<p>Buyu Design was founded by two partners who are strong in the industry, who know the spirit of wood, who absorbed the smell of the industry, so to speak. The production area of \u200b\u200b200 m2 at the beginning; Combined with the ambition to do his job right, not to win, he grew from one point to another. First it was 800 m2, then 2500 m2. Original design, this bringing together in accurate color story before Turkey's four corners (60 yl), also after; He drew a road map to Israel, Nigeria, Bulgaria and Iraq.<\/p>\n<p>Adopting the comfort and freedom of marine culture in its designs, \nBuyu Design now aims to fit all the beauties of the world into its living spaces.<\/p>\n<\/div>\n<\/div>\n<\/div>\n\n\t\t<\/div>\n\t<\/div>\n\n\t<div class=\"wpb_text_column wpb_content_element wpb_animate_when_almost_visible wpb_fadeInRight fadeInRight\" >\n\t\t<div class=\"wpb_wrapper\">\n\t\t\t<h1>VISION<\/h1>\n<div class=\"page\" title=\"Sayfa 4\">\n<div class=\"layoutArea\">\n<div class=\"column\">\n<div class=\"page\" title=\"Sayfa 5\">\n<div class=\"layoutArea\">\n<div class=\"column\">\n<p>Buyu Design wants to be Earthling in the true sense of the word.\n It foresees, aims and achieves to be distinguished from\n its competitors in the market with its perfectionist structure, \ncarrying the multicultural design concept to all parts of the world and\n in the process from production quality to the satisfaction of the end consumer.\nBuyu Design wants to be Earthling in the true sense of the word.\n It foresees, aims and achieves to be distinguished from\n its competitors in the market with its perfectionist structure, \ncarrying the multicultural design concept to all parts of the world and\n in the process from production quality to the satisfaction of the end consumer.<\/p>\n<\/div>\n<\/div>\n<\/div>\n<\/div>\n<\/div>\n<\/div>\n\n\t\t<\/div>\n\t<\/div>\n\n\t<div class=\"wpb_text_column wpb_content_element wpb_animate_when_almost_visible wpb_fadeInRight fadeInRight\" >\n\t\t<div class=\"wpb_wrapper\">\n\t\t\t<h1>MISSION<\/h1>\n<div class=\"page\" title=\"Sayfa 4\">\n<div class=\"layoutArea\">\n<div class=\"column\">\n<div class=\"page\" title=\"Sayfa 5\">\n<div class=\"layoutArea\">\n<div class=\"column\">\n<div class=\"page\" title=\"Sayfa 6\">\n<div class=\"layoutArea\">\n<div class=\"column\">\n<p>\"Buyu Design integrates this perfectionist structure into the business plan and \nworks with the professionals of the business, that is, with the masters who perform\n the art of carpentry from tradition to the future.\"<\/p>\n<p>\"Functionality as well as creativity with R&amp;D studies\nInspired by world design trends, it systematically adds and\n follows trends and brings its own designs to life. \"<br \/>\nde ekliyor ve trend takiplerini sistemli bir bic\u0327imde yaparak, du\u0308nya tasar\u0131m trendlerinden ilham al\u0131p kendi tasar\u0131mlar\u0131n\u0131 hayata gec\u0327iriyor.<\/p>\n<\/div>\n<\/div>\n<\/div>\n<\/div>\n<\/div>\n<\/div>\n<\/div>\n<\/div>\n<\/div>\n<p><span style=\"vertical-align: inherit;\"><span style=\"vertical-align: inherit;\"><\/p>\n\n\t\t<\/div>\n\t<\/div>\n<\/div><\/div><\/div><div class=\"wpb_column vc_column_container vc_col-sm-6\"><div class=\"vc_column-inner\"><div class=\"wpb_wrapper\">\t\t<div class=\"promo-banner-wrapper\">\n\t\t\t<div id=\"wd-5f2144edeca64\" class=\"promo-banner banner-vr-align-top banner-hr-align-left banner- banner-hover-zoom color-scheme-light banner-btn-size-default banner-btn-style-default\"  >\n\n\t\t\t\t<div class=\"main-wrapp-img\">\n\t\t\t\t\t<div class=\"banner-image\">\n\t\t\t\t\t\t\t\t\t\t\t\t\t\t\t\t\t\t\t\t\t<img loading=\"lazy\" decoding=\"async\" width=\"876\" height=\"657\" src=\"data:image\/jpg;base64,\/9j\/4AAQSkZJRgABAQAAAQABAAD\/\/gA7Q1JFQVRPUjogZ2QtanBlZyB2MS4wICh1c2luZyBJSkcgSlBFRyB2OTApLCBxdWFsaXR5ID0gODIK\/9sAQwAGBAQFBAQGBQUFBgYGBwkOCQkICAkSDQ0KDhUSFhYVEhQUFxohHBcYHxkUFB0nHR8iIyUlJRYcKSwoJCshJCUk\/9sAQwEGBgYJCAkRCQkRJBgUGCQkJCQkJCQkJCQkJCQkJCQkJCQkJCQkJCQkJCQkJCQkJCQkJCQkJCQkJCQkJCQkJCQk\/8AAEQgACgAOAwEiAAIRAQMRAf\/EAB8AAAEFAQEBAQEBAAAAAAAAAAABAgMEBQYHCAkKC\/\/EALUQAAIBAwMCBAMFBQQEAAABfQECAwAEEQUSITFBBhNRYQcicRQygZGhCCNCscEVUtHwJDNicoIJChYXGBkaJSYnKCkqNDU2Nzg5OkNERUZHSElKU1RVVldYWVpjZGVmZ2hpanN0dXZ3eHl6g4SFhoeIiYqSk5SVlpeYmZqio6Slpqeoqaqys7S1tre4ubrCw8TFxsfIycrS09TV1tfY2drh4uPk5ebn6Onq8fLz9PX29\/j5+v\/EAB8BAAMBAQEBAQEBAQEAAAAAAAABAgMEBQYHCAkKC\/\/EALURAAIBAgQEAwQHBQQEAAECdwABAgMRBAUhMQYSQVEHYXETIjKBCBRCkaGxwQkjM1LwFWJy0QoWJDThJfEXGBkaJicoKSo1Njc4OTpDREVGR0hJSlNUVVZXWFlaY2RlZmdoaWpzdHV2d3h5eoKDhIWGh4iJipKTlJWWl5iZmqKjpKWmp6ipqrKztLW2t7i5usLDxMXGx8jJytLT1NXW19jZ2uLj5OXm5+jp6vLz9PX29\/j5+v\/aAAwDAQACEQMRAD8Ap6R4Os9U8NXk1wTbLGqywsAGYOQeC2M7MkZA\/wAKzfEmj6LpF+YL60knmdEm823nEe8MDztbOOn1yah8MXE39l3o82TCNGFG4\/KDuyB6VzviKR31ByzMx9z7mvMpxk5tN6HoTceW6R\/\/2Q==\" class=\"promo-banner-image image-1 attachment-full woodmart-lazy-load woodmart-lazy-none\" alt=\"\" title=\"hakk\u0131m\u0131zda-banner\" srcset=\"\" sizes=\"auto, (max-width: 876px) 100vw, 876px\" data-wood-src=\"https:\/\/buyudesign.com\/wp-content\/uploads\/2020\/07\/hakk\u0131m\u0131zda-banner.jpg\" data-srcset=\"https:\/\/buyudesign.com\/wp-content\/uploads\/2020\/07\/hakk\u0131m\u0131zda-banner.jpg 876w, https:\/\/buyudesign.com\/wp-content\/uploads\/2020\/07\/hakk\u0131m\u0131zda-banner-600x450.jpg 600w, https:\/\/buyudesign.com\/wp-content\/uploads\/2020\/07\/hakk\u0131m\u0131zda-banner-300x225.jpg 300w, https:\/\/buyudesign.com\/wp-content\/uploads\/2020\/07\/hakk\u0131m\u0131zda-banner-768x576.jpg 768w\" \/>\t\t\t\t\t\t\t\t\t\t\t\t\t\t\t\t\t\t<\/div>\n\t\t\t\t<\/div>\n\n\t\t\t\t<div class=\"wrapper-content-banner\">\n\t\t\t\t\t<div class=\"content-banner text-left content-width-100\">\n\t\t\t\t\t\t\t<div class=\"banner-title-wrap banner-title-default\"><\/div>\n\t\t\t\t\t\t\t\t\t\t\t\t\t\t\t\t\t<\/div>\n\t\t\t\t<\/div>\n\t\t\t\t\t\t\t<\/div>\n\t\t<\/div>\n\t\t\n\t\t<\/div><\/div><\/div><\/div><\/div><\/div><\/div><\/div><div class=\"vc_row-full-width vc_clearfix\"><\/div><\/span><\/span><\/p>","protected":false},"excerpt":{"rendered":"HAKKIMIZDA Sekto\u0308rde gu\u0308c\u0327lu\u0308, ahs\u0327ab\u0131n ruhunu bilen, deyim yerindeyse sanayinin talas\u0327 kokusunu ic\u0327ine ic\u0327ine c\u0327ekmis\u0327 iki ortak taraf\u0131ndan kuruldu Buyu Design.","protected":false},"author":1,"featured_media":0,"parent":0,"menu_order":1,"comment_status":"closed","ping_status":"closed","template":"","meta":{"footnotes":""},"class_list":["post-40","page","type-page","status-publish","hentry"],"yoast_head":"<!-- This site is optimized with the Yoast SEO plugin v25.1 - https:\/\/yoast.com\/wordpress\/plugins\/seo\/ -->\n<title>Sekto\u0308rde gu\u0308c\u0327lu\u0308 | ahs\u0327ab\u0131n ruhunu bilen | Buyu Design<\/title>\n<meta name=\"description\" content=\"Buyu Design Tasar\u0131mlar\u0131nda deniz ku\u0308ltu\u0308ru\u0308nu\u0308n ferahl\u0131g\u0306\u0131n\u0131 ve o\u0308zgu\u0308rlu\u0308g\u0306u\u0308nu\u0308 Modern Tasar\u0131mlar\u0131na ilmek ilmek is\u0327liyor,\" \/>\n<meta name=\"robots\" content=\"index, follow, max-snippet:-1, max-image-preview:large, max-video-preview:-1\" \/>\n<link rel=\"canonical\" href=\"https:\/\/buyudesign.com\/en\/hakkimizda\/\" \/>\n<meta property=\"og:locale\" content=\"en_US\" \/>\n<meta property=\"og:type\" content=\"article\" \/>\n<meta property=\"og:title\" content=\"Sekto\u0308rde gu\u0308c\u0327lu\u0308 | ahs\u0327ab\u0131n ruhunu bilen | Buyu Design\" \/>\n<meta property=\"og:description\" content=\"Buyu Design Tasar\u0131mlar\u0131nda deniz ku\u0308ltu\u0308ru\u0308nu\u0308n ferahl\u0131g\u0306\u0131n\u0131 ve o\u0308zgu\u0308rlu\u0308g\u0306u\u0308nu\u0308 Modern Tasar\u0131mlar\u0131na ilmek ilmek is\u0327liyor,\" \/>\n<meta property=\"og:url\" content=\"https:\/\/buyudesign.com\/en\/hakkimizda\/\" \/>\n<meta property=\"og:site_name\" content=\"Buyu Design\" \/>\n<meta property=\"article:modified_time\" content=\"2022-09-13T17:21:18+00:00\" \/>\n<meta name=\"twitter:card\" content=\"summary_large_image\" \/>\n<meta name=\"twitter:label1\" content=\"Est. reading time\" \/>\n\t<meta name=\"twitter:data1\" content=\"2 minutes\" \/>\n<script type=\"application\/ld+json\" class=\"yoast-schema-graph\">{\"@context\":\"https:\/\/schema.org\",\"@graph\":[{\"@type\":\"WebPage\",\"@id\":\"https:\/\/buyudesign.com\/hakkimizda\/\",\"url\":\"https:\/\/buyudesign.com\/hakkimizda\/\",\"name\":\"Sekto\u0308rde gu\u0308c\u0327lu\u0308 | ahs\u0327ab\u0131n ruhunu bilen | Buyu Design\",\"isPartOf\":{\"@id\":\"https:\/\/buyudesign.com\/#website\"},\"datePublished\":\"2018-02-06T11:50:56+00:00\",\"dateModified\":\"2022-09-13T17:21:18+00:00\",\"description\":\"Buyu Design Tasar\u0131mlar\u0131nda deniz ku\u0308ltu\u0308ru\u0308nu\u0308n ferahl\u0131g\u0306\u0131n\u0131 ve o\u0308zgu\u0308rlu\u0308g\u0306u\u0308nu\u0308 Modern Tasar\u0131mlar\u0131na ilmek ilmek is\u0327liyor,\",\"breadcrumb\":{\"@id\":\"https:\/\/buyudesign.com\/hakkimizda\/#breadcrumb\"},\"inLanguage\":\"en-US\",\"potentialAction\":[{\"@type\":\"ReadAction\",\"target\":[\"https:\/\/buyudesign.com\/hakkimizda\/\"]}]},{\"@type\":\"BreadcrumbList\",\"@id\":\"https:\/\/buyudesign.com\/hakkimizda\/#breadcrumb\",\"itemListElement\":[{\"@type\":\"ListItem\",\"position\":1,\"name\":\"Ana sayfa\",\"item\":\"https:\/\/buyudesign.com\/\"},{\"@type\":\"ListItem\",\"position\":2,\"name\":\"Hakk\u0131m\u0131zda\"}]},{\"@type\":\"WebSite\",\"@id\":\"https:\/\/buyudesign.com\/#website\",\"url\":\"https:\/\/buyudesign.com\/\",\"name\":\"Buyu Design\",\"description\":\"Do\u011fal ve Kaliteli Ah\u015fap \u00dcr\u00fcnler\",\"potentialAction\":[{\"@type\":\"SearchAction\",\"target\":{\"@type\":\"EntryPoint\",\"urlTemplate\":\"https:\/\/buyudesign.com\/?s={search_term_string}\"},\"query-input\":{\"@type\":\"PropertyValueSpecification\",\"valueRequired\":true,\"valueName\":\"search_term_string\"}}],\"inLanguage\":\"en-US\"}]}<\/script>\n<!-- \/ Yoast SEO plugin. -->","yoast_head_json":{"title":"Sekto\u0308rde gu\u0308c\u0327lu\u0308 | ahs\u0327ab\u0131n ruhunu bilen | Buyu Design","description":"Buyu Design Tasar\u0131mlar\u0131nda deniz ku\u0308ltu\u0308ru\u0308nu\u0308n ferahl\u0131g\u0306\u0131n\u0131 ve o\u0308zgu\u0308rlu\u0308g\u0306u\u0308nu\u0308 Modern Tasar\u0131mlar\u0131na ilmek ilmek is\u0327liyor,","robots":{"index":"index","follow":"follow","max-snippet":"max-snippet:-1","max-image-preview":"max-image-preview:large","max-video-preview":"max-video-preview:-1"},"canonical":"https:\/\/buyudesign.com\/en\/hakkimizda\/","og_locale":"en_US","og_type":"article","og_title":"Sekto\u0308rde gu\u0308c\u0327lu\u0308 | ahs\u0327ab\u0131n ruhunu bilen | Buyu Design","og_description":"Buyu Design Tasar\u0131mlar\u0131nda deniz ku\u0308ltu\u0308ru\u0308nu\u0308n ferahl\u0131g\u0306\u0131n\u0131 ve o\u0308zgu\u0308rlu\u0308g\u0306u\u0308nu\u0308 Modern Tasar\u0131mlar\u0131na ilmek ilmek is\u0327liyor,","og_url":"https:\/\/buyudesign.com\/en\/hakkimizda\/","og_site_name":"Buyu Design","article_modified_time":"2022-09-13T17:21:18+00:00","twitter_card":"summary_large_image","twitter_misc":{"Est. reading time":"2 minutes"},"schema":{"@context":"https:\/\/schema.org","@graph":[{"@type":"WebPage","@id":"https:\/\/buyudesign.com\/hakkimizda\/","url":"https:\/\/buyudesign.com\/hakkimizda\/","name":"Sekto\u0308rde gu\u0308c\u0327lu\u0308 | ahs\u0327ab\u0131n ruhunu bilen | Buyu Design","isPartOf":{"@id":"https:\/\/buyudesign.com\/#website"},"datePublished":"2018-02-06T11:50:56+00:00","dateModified":"2022-09-13T17:21:18+00:00","description":"Buyu Design Tasar\u0131mlar\u0131nda deniz ku\u0308ltu\u0308ru\u0308nu\u0308n ferahl\u0131g\u0306\u0131n\u0131 ve o\u0308zgu\u0308rlu\u0308g\u0306u\u0308nu\u0308 Modern Tasar\u0131mlar\u0131na ilmek ilmek is\u0327liyor,","breadcrumb":{"@id":"https:\/\/buyudesign.com\/hakkimizda\/#breadcrumb"},"inLanguage":"en-US","potentialAction":[{"@type":"ReadAction","target":["https:\/\/buyudesign.com\/hakkimizda\/"]}]},{"@type":"BreadcrumbList","@id":"https:\/\/buyudesign.com\/hakkimizda\/#breadcrumb","itemListElement":[{"@type":"ListItem","position":1,"name":"Ana sayfa","item":"https:\/\/buyudesign.com\/"},{"@type":"ListItem","position":2,"name":"Hakk\u0131m\u0131zda"}]},{"@type":"WebSite","@id":"https:\/\/buyudesign.com\/#website","url":"https:\/\/buyudesign.com\/","name":"Buyu Design","description":"Do\u011fal ve Kaliteli Ah\u015fap \u00dcr\u00fcnler","potentialAction":[{"@type":"SearchAction","target":{"@type":"EntryPoint","urlTemplate":"https:\/\/buyudesign.com\/?s={search_term_string}"},"query-input":{"@type":"PropertyValueSpecification","valueRequired":true,"valueName":"search_term_string"}}],"inLanguage":"en-US"}]}},"_links":{"self":[{"href":"https:\/\/buyudesign.com\/en\/wp-json\/wp\/v2\/pages\/40","targetHints":{"allow":["GET"]}}],"collection":[{"href":"https:\/\/buyudesign.com\/en\/wp-json\/wp\/v2\/pages"}],"about":[{"href":"https:\/\/buyudesign.com\/en\/wp-json\/wp\/v2\/types\/page"}],"author":[{"embeddable":true,"href":"https:\/\/buyudesign.com\/en\/wp-json\/wp\/v2\/users\/1"}],"replies":[{"embeddable":true,"href":"https:\/\/buyudesign.com\/en\/wp-json\/wp\/v2\/comments?post=40"}],"version-history":[{"count":1,"href":"https:\/\/buyudesign.com\/en\/wp-json\/wp\/v2\/pages\/40\/revisions"}],"predecessor-version":[{"id":4342,"href":"https:\/\/buyudesign.com\/en\/wp-json\/wp\/v2\/pages\/40\/revisions\/4342"}],"wp:attachment":[{"href":"https:\/\/buyudesign.com\/en\/wp-json\/wp\/v2\/media?parent=40"}],"curies":[{"name":"wp","href":"https:\/\/api.w.org\/{rel}","templated":true}]}}