{"id":29,"date":"2018-02-06T20:15:21","date_gmt":"2018-02-06T17:15:21","guid":{"rendered":"http:\/\/buyudesign.com\/?page_id=29"},"modified":"2022-09-14T17:49:28","modified_gmt":"2022-09-14T14:49:28","slug":"iletisim","status":"publish","type":"page","link":"https:\/\/buyudesign.com\/en\/iletisim\/","title":{"rendered":"Contact"},"content":{"rendered":"<div id=\"row_baslik\" class=\"vc_row wpb_row vc_row-fluid wpb_animate_when_almost_visible wpb_fadeIn fadeIn\"><div class=\"wpb_column vc_column_container vc_col-sm-12\"><div class=\"vc_column-inner\"><div class=\"wpb_wrapper\"><div class=\"vc_row wpb_row vc_inner vc_row-fluid\"><div class=\"wpb_column vc_column_container vc_col-sm-12\"><div class=\"vc_column-inner\"><div class=\"wpb_wrapper\">\n\t<div class=\"wpb_text_column wpb_content_element\" >\n\t\t<div class=\"wpb_wrapper\">\n\t\t\t<h1 style=\"text-align: center;\">CONTACT<\/h1>\n\n\t\t<\/div>\n\t<\/div>\n<\/div><\/div><\/div><\/div><\/div><\/div><\/div><\/div><div class=\"vc_row wpb_row vc_row-fluid\"><div class=\"wpb_column vc_column_container vc_col-sm-12\"><div class=\"vc_column-inner\"><div class=\"wpb_wrapper\"><div class=\"wpb_gmaps_widget wpb_content_element wpb_animate_when_almost_visible wpb_bounceInUp bounceInUp\"><div class=\"wpb_wrapper\"><div class=\"wpb_map_wraper\"><iframe loading=\"lazy\" src=\"https:\/\/www.google.com\/maps\/embed?pb=!1m14!1m8!1m3!1d763.2837577774507!2d29.532415000000004!3d40.0724!3m2!1i1024!2i768!4f13.1!3m3!1m2!1s0x14cbc940c0eb857d%3A0x32d74b70b6b63083!2sMahmudiye%2C%2018.%20Mobilya%20Sk.%20No%3A9%2C%2016400%20%C4%B0neg%C3%B6l%2FBursa!5e0!3m2!1str!2str!4v1596094620879!5m2!1str!2str\" width=\"100%\" height=\"300\" frameborder=\"0\" style=\"border:0;\" allowfullscreen=\"\" aria-hidden=\"false\" tabindex=\"0\"><\/iframe><\/div><\/div><\/div><\/div><\/div><\/div><\/div><div id=\"row_iletisim\" class=\"vc_row wpb_row vc_row-fluid\"><div class=\"wpb_column vc_column_container vc_col-sm-2\/5\"><div class=\"vc_column-inner\"><div class=\"wpb_wrapper\">\n\t<div class=\"wpb_text_column wpb_content_element wpb_animate_when_almost_visible wpb_fadeInLeft fadeInLeft\" >\n\t\t<div class=\"wpb_wrapper\">\n\t\t\t<h1>Factory<\/h1>\n\n\t\t<\/div>\n\t<\/div>\n<div class=\"vc_separator wpb_content_element vc_separator_align_center vc_sep_width_100 vc_sep_pos_align_left vc_separator_no_text vc_sep_color_black wpb_animate_when_almost_visible wpb_fadeInLeft fadeInLeft\" ><span class=\"vc_sep_holder vc_sep_holder_l\"><span  class=\"vc_sep_line\"><\/span><\/span><span class=\"vc_sep_holder vc_sep_holder_r\"><span  class=\"vc_sep_line\"><\/span><\/span>\n<\/div>\n\t<div class=\"wpb_text_column wpb_content_element wpb_animate_when_almost_visible wpb_fadeInRight fadeInRight\" >\n\t\t<div class=\"wpb_wrapper\">\n\t\t\t<p>Mahmudiye Mh. 18. Mobilya Sk. No: 9<br \/>\n\u0130neg\u00f6l\/Bursa\/T\u00fcrkiye<\/p>\n<p>Mail : info@arnaahsap.com<\/p>\n<p>Tel : +90 (224) 711 05 16<\/p>\n<p>Fax : +90 (553) 711 05 16<\/p>\n\n\t\t<\/div>\n\t<\/div>\n<\/div><\/div><\/div><div class=\"wpb_column wpb_animate_when_almost_visible wpb_fadeInRight fadeInRight vc_column_container vc_col-sm-3\/5\"><div class=\"vc_column-inner vc_custom_1587645809881\"><div class=\"wpb_wrapper\">\n<div class=\"wpcf7 no-js\" id=\"wpcf7-f10-o1\" lang=\"tr-TR\" dir=\"ltr\" data-wpcf7-id=\"10\">\n<div class=\"screen-reader-response\"><p role=\"status\" aria-live=\"polite\" aria-atomic=\"true\"><\/p> <ul><\/ul><\/div>\n<form action=\"\/en\/wp-json\/wp\/v2\/pages\/29#wpcf7-f10-o1\" method=\"post\" class=\"wpcf7-form init\" aria-label=\"\u0130leti\u015fim Formu\" novalidate=\"novalidate\" data-status=\"init\" data-trp-original-action=\"\/en\/wp-json\/wp\/v2\/pages\/29#wpcf7-f10-o1\">\n<div style=\"display: none;\">\n<input type=\"hidden\" name=\"_wpcf7\" value=\"10\" \/>\n<input type=\"hidden\" name=\"_wpcf7_version\" value=\"6.0.6\" \/>\n<input type=\"hidden\" name=\"_wpcf7_locale\" value=\"tr_TR\" \/>\n<input type=\"hidden\" name=\"_wpcf7_unit_tag\" value=\"wpcf7-f10-o1\" \/>\n<input type=\"hidden\" name=\"_wpcf7_container_post\" value=\"0\" \/>\n<input type=\"hidden\" name=\"_wpcf7_posted_data_hash\" value=\"\" \/>\n<\/div>\n<p><label> <span class=\"wpcf7-form-control-wrap\" data-name=\"your-name\"><input size=\"40\" maxlength=\"400\" class=\"wpcf7-form-control wpcf7-text wpcf7-validates-as-required\" aria-required=\"true\" aria-invalid=\"false\" placeholder=\"Name\" value=\"\" type=\"text\" name=\"your-name\" \/><\/span> <span class=\"wpcf7-form-control-wrap\" data-name=\"your-surname\"><input size=\"40\" maxlength=\"400\" class=\"wpcf7-form-control wpcf7-text wpcf7-validates-as-required\" aria-required=\"true\" aria-invalid=\"false\" placeholder=\"Surname\" value=\"\" type=\"text\" name=\"your-surname\" \/><\/span> <\/label>\n<\/p>\n<p><label> <span class=\"wpcf7-form-control-wrap\" data-name=\"your-email\"><input size=\"40\" maxlength=\"400\" class=\"wpcf7-form-control wpcf7-email wpcf7-validates-as-required wpcf7-text wpcf7-validates-as-email\" aria-required=\"true\" aria-invalid=\"false\" placeholder=\"E-mail\" value=\"\" type=\"email\" name=\"your-email\" \/><\/span> <span class=\"wpcf7-form-control-wrap\" data-name=\"tel-telefon\"><input size=\"40\" maxlength=\"400\" class=\"wpcf7-form-control wpcf7-tel wpcf7-text wpcf7-validates-as-tel\" aria-invalid=\"false\" placeholder=\"Phone\" value=\"\" type=\"tel\" name=\"tel-telefon\" \/><\/span> <\/label>\n<\/p>\n<p><span class=\"wpcf7-form-control-wrap\" data-name=\"your-message\"><textarea cols=\"40\" rows=\"10\" maxlength=\"2000\" class=\"wpcf7-form-control wpcf7-textarea\" aria-invalid=\"false\" placeholder=\"Your message\" name=\"your-message\"><\/textarea><\/span>\n<\/p>\n<p><input class=\"wpcf7-form-control wpcf7-submit has-spinner\" type=\"submit\" value=\"Send\" \/>\n<\/p><div class=\"wpcf7-response-output\" aria-hidden=\"true\"><\/div>\n<input type=\"hidden\" name=\"trp-form-language\" value=\"en\"\/><\/form>\n<\/div>\n<\/div><\/div><\/div><\/div>","protected":false},"excerpt":{"rendered":"\u0130LET\u0130\u015e\u0130M Fabrika Mahmudiye Mh. 18. Mobilya Sk. No: 9 \u0130neg\u00f6l\/Bursa\/T\u00fcrkiye Mail : info@arnaahsap.com Tel : +90 (224) 711 05 16","protected":false},"author":1,"featured_media":0,"parent":0,"menu_order":10,"comment_status":"closed","ping_status":"closed","template":"","meta":{"footnotes":""},"class_list":["post-29","page","type-page","status-publish","hentry"],"yoast_head":"<!-- This site is optimized with the Yoast SEO plugin v25.1 - https:\/\/yoast.com\/wordpress\/plugins\/seo\/ -->\n<title>G\u00fcncel \u00dcr\u00fcn Listemizden Haberiniz Olsun | Buyu Design<\/title>\n<meta name=\"description\" content=\"Benzersiz Tasar\u0131mlar\u0131m\u0131z ve Her Alana Uygun Mobilyalar\u0131m\u0131z ile Alakal\u0131 Detayl\u0131 Bilgi \u0130\u00e7in Bizimle \u0130leti\u015fime Ge\u00e7ebilirsiniz\" \/>\n<meta name=\"robots\" content=\"index, follow, max-snippet:-1, max-image-preview:large, max-video-preview:-1\" \/>\n<link rel=\"canonical\" href=\"https:\/\/buyudesign.com\/en\/iletisim\/\" \/>\n<meta property=\"og:locale\" content=\"en_US\" \/>\n<meta property=\"og:type\" content=\"article\" \/>\n<meta property=\"og:title\" content=\"G\u00fcncel \u00dcr\u00fcn Listemizden Haberiniz Olsun | Buyu Design\" \/>\n<meta property=\"og:description\" content=\"Benzersiz Tasar\u0131mlar\u0131m\u0131z ve Her Alana Uygun Mobilyalar\u0131m\u0131z ile Alakal\u0131 Detayl\u0131 Bilgi \u0130\u00e7in Bizimle \u0130leti\u015fime Ge\u00e7ebilirsiniz\" \/>\n<meta property=\"og:url\" content=\"https:\/\/buyudesign.com\/en\/iletisim\/\" \/>\n<meta property=\"og:site_name\" content=\"Buyu Design\" \/>\n<meta property=\"article:modified_time\" content=\"2022-09-14T14:49:28+00:00\" \/>\n<meta name=\"twitter:card\" content=\"summary_large_image\" \/>\n<meta name=\"twitter:label1\" content=\"Est. reading time\" \/>\n\t<meta name=\"twitter:data1\" content=\"1 minute\" \/>\n<script type=\"application\/ld+json\" class=\"yoast-schema-graph\">{\"@context\":\"https:\/\/schema.org\",\"@graph\":[{\"@type\":\"WebPage\",\"@id\":\"https:\/\/buyudesign.com\/iletisim\/\",\"url\":\"https:\/\/buyudesign.com\/iletisim\/\",\"name\":\"G\u00fcncel \u00dcr\u00fcn Listemizden Haberiniz Olsun | Buyu Design\",\"isPartOf\":{\"@id\":\"https:\/\/buyudesign.com\/#website\"},\"datePublished\":\"2018-02-06T17:15:21+00:00\",\"dateModified\":\"2022-09-14T14:49:28+00:00\",\"description\":\"Benzersiz Tasar\u0131mlar\u0131m\u0131z ve Her Alana Uygun Mobilyalar\u0131m\u0131z ile Alakal\u0131 Detayl\u0131 Bilgi \u0130\u00e7in Bizimle \u0130leti\u015fime Ge\u00e7ebilirsiniz\",\"breadcrumb\":{\"@id\":\"https:\/\/buyudesign.com\/iletisim\/#breadcrumb\"},\"inLanguage\":\"en-US\",\"potentialAction\":[{\"@type\":\"ReadAction\",\"target\":[\"https:\/\/buyudesign.com\/iletisim\/\"]}]},{\"@type\":\"BreadcrumbList\",\"@id\":\"https:\/\/buyudesign.com\/iletisim\/#breadcrumb\",\"itemListElement\":[{\"@type\":\"ListItem\",\"position\":1,\"name\":\"Ana sayfa\",\"item\":\"https:\/\/buyudesign.com\/\"},{\"@type\":\"ListItem\",\"position\":2,\"name\":\"\u0130leti\u015fim\"}]},{\"@type\":\"WebSite\",\"@id\":\"https:\/\/buyudesign.com\/#website\",\"url\":\"https:\/\/buyudesign.com\/\",\"name\":\"Buyu Design\",\"description\":\"Do\u011fal ve Kaliteli Ah\u015fap \u00dcr\u00fcnler\",\"potentialAction\":[{\"@type\":\"SearchAction\",\"target\":{\"@type\":\"EntryPoint\",\"urlTemplate\":\"https:\/\/buyudesign.com\/?s={search_term_string}\"},\"query-input\":{\"@type\":\"PropertyValueSpecification\",\"valueRequired\":true,\"valueName\":\"search_term_string\"}}],\"inLanguage\":\"en-US\"}]}<\/script>\n<!-- \/ Yoast SEO plugin. -->","yoast_head_json":{"title":"G\u00fcncel \u00dcr\u00fcn Listemizden Haberiniz Olsun | Buyu Design","description":"Benzersiz Tasar\u0131mlar\u0131m\u0131z ve Her Alana Uygun Mobilyalar\u0131m\u0131z ile Alakal\u0131 Detayl\u0131 Bilgi \u0130\u00e7in Bizimle \u0130leti\u015fime Ge\u00e7ebilirsiniz","robots":{"index":"index","follow":"follow","max-snippet":"max-snippet:-1","max-image-preview":"max-image-preview:large","max-video-preview":"max-video-preview:-1"},"canonical":"https:\/\/buyudesign.com\/en\/iletisim\/","og_locale":"en_US","og_type":"article","og_title":"G\u00fcncel \u00dcr\u00fcn Listemizden Haberiniz Olsun | Buyu Design","og_description":"Benzersiz Tasar\u0131mlar\u0131m\u0131z ve Her Alana Uygun Mobilyalar\u0131m\u0131z ile Alakal\u0131 Detayl\u0131 Bilgi \u0130\u00e7in Bizimle \u0130leti\u015fime Ge\u00e7ebilirsiniz","og_url":"https:\/\/buyudesign.com\/en\/iletisim\/","og_site_name":"Buyu Design","article_modified_time":"2022-09-14T14:49:28+00:00","twitter_card":"summary_large_image","twitter_misc":{"Est. reading time":"1 minute"},"schema":{"@context":"https:\/\/schema.org","@graph":[{"@type":"WebPage","@id":"https:\/\/buyudesign.com\/iletisim\/","url":"https:\/\/buyudesign.com\/iletisim\/","name":"G\u00fcncel \u00dcr\u00fcn Listemizden Haberiniz Olsun | Buyu Design","isPartOf":{"@id":"https:\/\/buyudesign.com\/#website"},"datePublished":"2018-02-06T17:15:21+00:00","dateModified":"2022-09-14T14:49:28+00:00","description":"Benzersiz Tasar\u0131mlar\u0131m\u0131z ve Her Alana Uygun Mobilyalar\u0131m\u0131z ile Alakal\u0131 Detayl\u0131 Bilgi \u0130\u00e7in Bizimle \u0130leti\u015fime Ge\u00e7ebilirsiniz","breadcrumb":{"@id":"https:\/\/buyudesign.com\/iletisim\/#breadcrumb"},"inLanguage":"en-US","potentialAction":[{"@type":"ReadAction","target":["https:\/\/buyudesign.com\/iletisim\/"]}]},{"@type":"BreadcrumbList","@id":"https:\/\/buyudesign.com\/iletisim\/#breadcrumb","itemListElement":[{"@type":"ListItem","position":1,"name":"Ana sayfa","item":"https:\/\/buyudesign.com\/"},{"@type":"ListItem","position":2,"name":"\u0130leti\u015fim"}]},{"@type":"WebSite","@id":"https:\/\/buyudesign.com\/#website","url":"https:\/\/buyudesign.com\/","name":"Buyu Design","description":"Do\u011fal ve Kaliteli Ah\u015fap \u00dcr\u00fcnler","potentialAction":[{"@type":"SearchAction","target":{"@type":"EntryPoint","urlTemplate":"https:\/\/buyudesign.com\/?s={search_term_string}"},"query-input":{"@type":"PropertyValueSpecification","valueRequired":true,"valueName":"search_term_string"}}],"inLanguage":"en-US"}]}},"_links":{"self":[{"href":"https:\/\/buyudesign.com\/en\/wp-json\/wp\/v2\/pages\/29","targetHints":{"allow":["GET"]}}],"collection":[{"href":"https:\/\/buyudesign.com\/en\/wp-json\/wp\/v2\/pages"}],"about":[{"href":"https:\/\/buyudesign.com\/en\/wp-json\/wp\/v2\/types\/page"}],"author":[{"embeddable":true,"href":"https:\/\/buyudesign.com\/en\/wp-json\/wp\/v2\/users\/1"}],"replies":[{"embeddable":true,"href":"https:\/\/buyudesign.com\/en\/wp-json\/wp\/v2\/comments?post=29"}],"version-history":[{"count":1,"href":"https:\/\/buyudesign.com\/en\/wp-json\/wp\/v2\/pages\/29\/revisions"}],"predecessor-version":[{"id":4425,"href":"https:\/\/buyudesign.com\/en\/wp-json\/wp\/v2\/pages\/29\/revisions\/4425"}],"wp:attachment":[{"href":"https:\/\/buyudesign.com\/en\/wp-json\/wp\/v2\/media?parent=29"}],"curies":[{"name":"wp","href":"https:\/\/api.w.org\/{rel}","templated":true}]}}